{"id":5480,"date":"2022-06-23T15:51:32","date_gmt":"2022-06-23T18:51:32","guid":{"rendered":"https:\/\/berecruiting.com\/www\/?page_id=5480"},"modified":"2022-11-24T10:40:50","modified_gmt":"2022-11-24T13:40:50","slug":"que-hacemos","status":"publish","type":"page","link":"https:\/\/berecruiting.com\/www\/es\/que-hacemos\/","title":{"rendered":"Qu\u00e9 hacemos"},"content":{"rendered":"\t\t<div data-elementor-type=\"wp-page\" data-elementor-id=\"5480\" class=\"elementor elementor-5480\">\n\t\t\t\t\t\t<section class=\"elementor-section elementor-top-section elementor-element elementor-element-7f3cbd8 elementor-section-content-middle ot-traditional elementor-section-boxed elementor-section-height-default elementor-section-height-default\" data-id=\"7f3cbd8\" data-element_type=\"section\" data-settings=\"{&quot;background_background&quot;:&quot;classic&quot;}\">\n\t\t\t\t\t\t<div class=\"elementor-container elementor-column-gap-extended\">\n\t\t\t\t\t<div class=\"elementor-column elementor-col-50 elementor-top-column elementor-element elementor-element-9fc2569 ot-flex-column-vertical\" data-id=\"9fc2569\" data-element_type=\"column\">\n\t\t\t<div class=\"elementor-widget-wrap elementor-element-populated\">\n\t\t\t\t\t\t<div class=\"elementor-element elementor-element-925ee15 elementor-widget elementor-widget-iheading\" data-id=\"925ee15\" data-element_type=\"widget\" data-widget_type=\"iheading.default\">\n\t\t\t\t<div class=\"elementor-widget-container\">\n\t\t\t\t\t\t\t<div class=\"ot-heading\">\n\t        \t            <span>\/\/ nuevo concepto en consultor\u00eda<\/span>\n\t        <h2 class=\"main-heading\">Generamos resultados <br>\ny competitividad<\/h2>\t    <\/div>\n\t    \t\t\t\t<\/div>\n\t\t\t\t<\/div>\n\t\t\t\t<div class=\"elementor-element elementor-element-5f326aa elementor-widget elementor-widget-text-editor\" data-id=\"5f326aa\" data-element_type=\"widget\" data-widget_type=\"text-editor.default\">\n\t\t\t\t<div class=\"elementor-widget-container\">\n\t\t\t\t\t\t\t\t\t<p>Trabajamos bajo un nuevo concepto de consultor\u00eda, siendo part\u00edcipes del proceso, buscando d\u00eda a d\u00eda verdaderos talentos del mercado para conectarlos con las necesidades de nuestros clientes, generando su competitividad.<\/p><p>Agregamos valor a nuestros resultados porque creemos en la importancia de los v\u00ednculos que ayudamos a generar.<\/p><p><strong>Be Recruiting es una empresa joven e innovadora de Reclutamiento y selecci\u00f3n 100% orientada a las industria de tecnolog\u00eda.<\/strong><\/p>\t\t\t\t\t\t\t\t<\/div>\n\t\t\t\t<\/div>\n\t\t\t\t<div class=\"elementor-element elementor-element-5df7912 elementor-hidden-desktop elementor-hidden-tablet elementor-hidden-mobile elementor-widget elementor-widget-ivideopopup\" data-id=\"5df7912\" data-element_type=\"widget\" data-widget_type=\"ivideopopup.default\">\n\t\t\t\t<div class=\"elementor-widget-container\">\n\t\t\t\t\t\t\t<div class=\"video-popup\">\n\t\t\t<div class=\"btn-inner\">\n\t\t        <a class=\"btn-play\" href=\"#\">\n\t\t        \t<i class=\"flaticon-play\"><\/i>\n\t\t        \t\t\t        \t<span class=\"circle-1\"><\/span>\n\t\t\t\t\t<span class=\"circle-2\"><\/span>\n\t\t\t\t\t\t\t        <\/a>\n\t        <\/div>\n\t        <span>video showcase<\/span>\t    <\/div>\n\t    \t\t\t\t<\/div>\n\t\t\t\t<\/div>\n\t\t\t\t\t<\/div>\n\t\t<\/div>\n\t\t\t\t<div class=\"elementor-column elementor-col-50 elementor-top-column elementor-element elementor-element-7564da8 ot-flex-column-vertical\" data-id=\"7564da8\" data-element_type=\"column\">\n\t\t\t<div class=\"elementor-widget-wrap elementor-element-populated\">\n\t\t\t\t\t\t<section class=\"elementor-section elementor-inner-section elementor-element elementor-element-c97a89f elementor-section-full_width ot-layout_block elementor-hidden-mobile elementor-section-height-default elementor-section-height-default\" data-id=\"c97a89f\" data-element_type=\"section\">\n\t\t\t\t\t\t<div class=\"elementor-container elementor-column-gap-extended\">\n\t\t\t\t\t<div class=\"elementor-column elementor-col-50 elementor-inner-column elementor-element elementor-element-ee166a8 ot-flex-column-vertical\" data-id=\"ee166a8\" data-element_type=\"column\">\n\t\t\t<div class=\"elementor-widget-wrap elementor-element-populated\">\n\t\t\t\t\t\t<div class=\"elementor-element elementor-element-3bd0bf1 elementor-widget elementor-widget-iimagebox1\" data-id=\"3bd0bf1\" data-element_type=\"widget\" data-widget_type=\"iimagebox1.default\">\n\t\t\t\t<div class=\"elementor-widget-container\">\n\t\t\t\t\t\t\t<a class=\"ot-image-box\" href=\"#\">\n\t\t\t<div class=\"overlay\">\n\t        \t<h4>Nuestra Misi\u00f3n \u203a\u203a<\/h4>\n\t\t\t<\/div>\n\t\t\t<img decoding=\"async\" src=\"https:\/\/engitech.s3.amazonaws.com\/images\/image-box1.jpg\" alt=\"Nuestra Misi\u00f3n \u203a\u203a\">\n\t\t<\/a>\n\t    \t\t\t\t<\/div>\n\t\t\t\t<\/div>\n\t\t\t\t<div class=\"elementor-element elementor-element-f732a9b elementor-widget elementor-widget-iimagebox1\" data-id=\"f732a9b\" data-element_type=\"widget\" data-widget_type=\"iimagebox1.default\">\n\t\t\t\t<div class=\"elementor-widget-container\">\n\t\t\t\t\t\t\t<a class=\"ot-image-box\" href=\"#\">\n\t\t\t<div class=\"overlay\">\n\t        \t<h4>Nuestra Folosof\u00eda \u203a\u203a<\/h4>\n\t\t\t<\/div>\n\t\t\t<img decoding=\"async\" src=\"https:\/\/engitech.s3.amazonaws.com\/images\/image-box3.jpg\" alt=\"Nuestra Folosof\u00eda \u203a\u203a\">\n\t\t<\/a>\n\t    \t\t\t\t<\/div>\n\t\t\t\t<\/div>\n\t\t\t\t\t<\/div>\n\t\t<\/div>\n\t\t\t\t<div class=\"elementor-column elementor-col-50 elementor-inner-column elementor-element elementor-element-d9c942d ot-flex-column-vertical\" data-id=\"d9c942d\" data-element_type=\"column\">\n\t\t\t<div class=\"elementor-widget-wrap elementor-element-populated\">\n\t\t\t\t\t\t<div class=\"elementor-element elementor-element-0d52049 elementor-widget elementor-widget-iimagebox1\" data-id=\"0d52049\" data-element_type=\"widget\" data-widget_type=\"iimagebox1.default\">\n\t\t\t\t<div class=\"elementor-widget-container\">\n\t\t\t\t\t\t\t<a class=\"ot-image-box\" >\n\t\t\t<div class=\"overlay\">\n\t        \t<h4>Asegurar que tanto los candidatos como las empresas tengan un proceso claro y amigable.<\/h4>\n\t\t\t<\/div>\n\t\t\t<img decoding=\"async\" src=\"https:\/\/engitech.s3.amazonaws.com\/images\/image-box2.jpg\" alt=\"Asegurar que tanto los candidatos como las empresas tengan un proceso claro y amigable.\">\n\t\t<\/a>\n\t    \t\t\t\t<\/div>\n\t\t\t\t<\/div>\n\t\t\t\t<div class=\"elementor-element elementor-element-cf54c53 elementor-widget elementor-widget-iimagebox1\" data-id=\"cf54c53\" data-element_type=\"widget\" data-widget_type=\"iimagebox1.default\">\n\t\t\t\t<div class=\"elementor-widget-container\">\n\t\t\t\t\t\t\t<a class=\"ot-image-box\" href=\"#\">\n\t\t\t<div class=\"overlay\">\n\t        \t<h4>Priorizar la comunicaci\u00f3n, la calidad, la excelencia y sobre todo la calidez en el trato tanto con nuestros clientes como con los candidatos.<\/h4>\n\t\t\t<\/div>\n\t\t\t<img decoding=\"async\" src=\"https:\/\/engitech.s3.amazonaws.com\/images\/image-box4.jpg\" alt=\"Priorizar la comunicaci\u00f3n, la calidad, la excelencia y sobre todo la calidez en el trato tanto con nuestros clientes como con los candidatos.\">\n\t\t<\/a>\n\t    \t\t\t\t<\/div>\n\t\t\t\t<\/div>\n\t\t\t\t\t<\/div>\n\t\t<\/div>\n\t\t\t\t\t<\/div>\n\t\t<\/section>\n\t\t\t\t<section class=\"elementor-section elementor-inner-section elementor-element elementor-element-c74cc1e elementor-section-full_width ot-layout_block elementor-hidden-desktop elementor-hidden-tablet elementor-section-height-default elementor-section-height-default\" data-id=\"c74cc1e\" data-element_type=\"section\">\n\t\t\t\t\t\t<div class=\"elementor-container elementor-column-gap-extended\">\n\t\t\t\t\t<div class=\"elementor-column elementor-col-100 elementor-inner-column elementor-element elementor-element-bccfe55 ot-flex-column-vertical\" data-id=\"bccfe55\" data-element_type=\"column\">\n\t\t\t<div class=\"elementor-widget-wrap elementor-element-populated\">\n\t\t\t\t\t\t<div class=\"elementor-element elementor-element-3898228 elementor-widget elementor-widget-iimagebox1\" data-id=\"3898228\" data-element_type=\"widget\" data-widget_type=\"iimagebox1.default\">\n\t\t\t\t<div class=\"elementor-widget-container\">\n\t\t\t\t\t\t\t<a class=\"ot-image-box\" href=\"#\">\n\t\t\t<div class=\"overlay\">\n\t        \t<h4>Nuestra Misi\u00f3n \u203a\u203a<\/h4>\n\t\t\t<\/div>\n\t\t\t<img decoding=\"async\" src=\"https:\/\/engitech.s3.amazonaws.com\/images\/image-box1.jpg\" alt=\"Nuestra Misi\u00f3n \u203a\u203a\">\n\t\t<\/a>\n\t    \t\t\t\t<\/div>\n\t\t\t\t<\/div>\n\t\t\t\t<div class=\"elementor-element elementor-element-5142c53 elementor-widget elementor-widget-iimagebox1\" data-id=\"5142c53\" data-element_type=\"widget\" data-widget_type=\"iimagebox1.default\">\n\t\t\t\t<div class=\"elementor-widget-container\">\n\t\t\t\t\t\t\t<a class=\"ot-image-box\" >\n\t\t\t<div class=\"overlay\">\n\t        \t<h4>Asegurar que tanto los candidatos como las empresas tengan un proceso claro y amigable.<\/h4>\n\t\t\t<\/div>\n\t\t\t<img decoding=\"async\" src=\"https:\/\/engitech.s3.amazonaws.com\/images\/image-box2.jpg\" alt=\"Asegurar que tanto los candidatos como las empresas tengan un proceso claro y amigable.\">\n\t\t<\/a>\n\t    \t\t\t\t<\/div>\n\t\t\t\t<\/div>\n\t\t\t\t<div class=\"elementor-element elementor-element-2a2d455 elementor-widget elementor-widget-iimagebox1\" data-id=\"2a2d455\" data-element_type=\"widget\" data-widget_type=\"iimagebox1.default\">\n\t\t\t\t<div class=\"elementor-widget-container\">\n\t\t\t\t\t\t\t<a class=\"ot-image-box\" href=\"#\">\n\t\t\t<div class=\"overlay\">\n\t        \t<h4>Nuestra Filosof\u00eda \u203a\u203a<\/h4>\n\t\t\t<\/div>\n\t\t\t<img decoding=\"async\" src=\"https:\/\/engitech.s3.amazonaws.com\/images\/image-box3.jpg\" alt=\"Nuestra Filosof\u00eda \u203a\u203a\">\n\t\t<\/a>\n\t    \t\t\t\t<\/div>\n\t\t\t\t<\/div>\n\t\t\t\t<div class=\"elementor-element elementor-element-42c1e5e elementor-widget elementor-widget-iimagebox1\" data-id=\"42c1e5e\" data-element_type=\"widget\" data-widget_type=\"iimagebox1.default\">\n\t\t\t\t<div class=\"elementor-widget-container\">\n\t\t\t\t\t\t\t<a class=\"ot-image-box\" href=\"#\">\n\t\t\t<div class=\"overlay\">\n\t        \t<h4>Priorizar la comunicaci\u00f3n, la calidad, la excelencia y sobre todo la calidez en el trato tanto con nuestros clientes como con los candidatos.<\/h4>\n\t\t\t<\/div>\n\t\t\t<img decoding=\"async\" src=\"https:\/\/engitech.s3.amazonaws.com\/images\/image-box4.jpg\" alt=\"Priorizar la comunicaci\u00f3n, la calidad, la excelencia y sobre todo la calidez en el trato tanto con nuestros clientes como con los candidatos.\">\n\t\t<\/a>\n\t    \t\t\t\t<\/div>\n\t\t\t\t<\/div>\n\t\t\t\t\t<\/div>\n\t\t<\/div>\n\t\t\t\t\t<\/div>\n\t\t<\/section>\n\t\t\t\t\t<\/div>\n\t\t<\/div>\n\t\t\t\t\t<\/div>\n\t\t<\/section>\n\t\t\t\t<section class=\"elementor-section elementor-top-section elementor-element elementor-element-db45bce ot-traditional elementor-section-boxed elementor-section-height-default elementor-section-height-default\" data-id=\"db45bce\" data-element_type=\"section\" data-settings=\"{&quot;background_background&quot;:&quot;classic&quot;}\">\n\t\t\t\t\t\t<div class=\"elementor-container elementor-column-gap-default\">\n\t\t\t\t\t<div class=\"elementor-column elementor-col-100 elementor-top-column elementor-element elementor-element-aa78013 ot-flex-column-vertical\" data-id=\"aa78013\" data-element_type=\"column\">\n\t\t\t<div class=\"elementor-widget-wrap elementor-element-populated\">\n\t\t\t\t\t\t<div class=\"elementor-element elementor-element-924103c elementor-widget elementor-widget-iheading\" data-id=\"924103c\" data-element_type=\"widget\" data-widget_type=\"iheading.default\">\n\t\t\t\t<div class=\"elementor-widget-container\">\n\t\t\t\t\t\t\t<div class=\"ot-heading\">\n\t        \t            <span>\/\/ la empresa<\/span>\n\t        <h2 class=\"main-heading\">Nuestro equipo de liderazgo<\/h2>\t    <\/div>\n\t    \t\t\t\t<\/div>\n\t\t\t\t<\/div>\n\t\t\t\t<div class=\"elementor-element elementor-element-cb963fe elementor-widget elementor-widget-text-editor\" data-id=\"cb963fe\" data-element_type=\"widget\" data-widget_type=\"text-editor.default\">\n\t\t\t\t<div class=\"elementor-widget-container\">\n\t\t\t\t\t\t\t\t\t<p>Ayudamos a las empresas a elevar su valor a trav\u00e9s de servicios de consultor\u00eda personalizados.<\/p>\t\t\t\t\t\t\t\t<\/div>\n\t\t\t\t<\/div>\n\t\t\t\t<section class=\"elementor-section elementor-inner-section elementor-element elementor-element-00948eb elementor-section-full_width ot-traditional elementor-section-height-default elementor-section-height-default\" data-id=\"00948eb\" data-element_type=\"section\">\n\t\t\t\t\t\t<div class=\"elementor-container elementor-column-gap-no\">\n\t\t\t\t\t<div class=\"elementor-column elementor-col-20 elementor-inner-column elementor-element elementor-element-99bea18 ot-flex-column-vertical\" data-id=\"99bea18\" data-element_type=\"column\">\n\t\t\t<div class=\"elementor-widget-wrap\">\n\t\t\t\t\t\t\t<\/div>\n\t\t<\/div>\n\t\t\t\t<div class=\"elementor-column elementor-col-20 elementor-inner-column elementor-element elementor-element-87733f5 ot-flex-column-vertical\" data-id=\"87733f5\" data-element_type=\"column\">\n\t\t\t<div class=\"elementor-widget-wrap elementor-element-populated\">\n\t\t\t\t\t\t<div class=\"elementor-element elementor-element-3560b99 elementor-widget elementor-widget-imember\" data-id=\"3560b99\" data-element_type=\"widget\" data-widget_type=\"imember.default\">\n\t\t\t\t<div class=\"elementor-widget-container\">\n\t\t\t\t\t\n\t\t<div class=\"team-wrap\">\n\t\t\t\t\t\t<div class=\"team-thumb\">\n\t\t\t\t<img fetchpriority=\"high\" decoding=\"async\" width=\"500\" height=\"333\" src=\"https:\/\/berecruiting.com\/www\/wp-content\/uploads\/2022\/06\/Berecruiting-Agostina-Dalo-1.jpg\" class=\"attachment-full size-full wp-image-5234\" alt=\"\" srcset=\"https:\/\/berecruiting.com\/www\/wp-content\/uploads\/2022\/06\/Berecruiting-Agostina-Dalo-1.jpg 500w, https:\/\/berecruiting.com\/www\/wp-content\/uploads\/2022\/06\/Berecruiting-Agostina-Dalo-1-300x200.jpg 300w\" sizes=\"(max-width: 500px) 100vw, 500px\" \/>\t\t\t\t                    <div class=\"team-social flex-middle\">\n                    \t<div>\n                                                                                    <a rel=\"nofollow\" \n                                        href=\"https:\/\/www.linkedin.com\/in\/agostina-julieta-d%C2%B4alo-b425a538\/\" class=\"linkedin\">\n                                     <i class=\"fab fa-linkedin-in\"><\/i>\n                                <\/a>\n                                                                                                                <a rel=\"nofollow\" \n                                        href=\"#\" class=\"twitter\">\n                                     <i class=\"fab fa-twitter\"><\/i>\n                                <\/a>\n                                                                        \t<\/div>\n                    <\/div>  \n                \t\t\t<\/div>\n\t\t\t\t\t\t<div class=\"team-info\">\n\t\t\t\t<h4>Agostina Dalo<\/h4>\n\t\t\t\t<span>Consultant<\/span>\n\t\t\t<\/div>\n\t\t<\/div>\n\t        \n\t    \t\t\t\t<\/div>\n\t\t\t\t<\/div>\n\t\t\t\t\t<\/div>\n\t\t<\/div>\n\t\t\t\t<div class=\"elementor-column elementor-col-20 elementor-inner-column elementor-element elementor-element-56cd4a7 ot-flex-column-vertical\" data-id=\"56cd4a7\" data-element_type=\"column\">\n\t\t\t<div class=\"elementor-widget-wrap\">\n\t\t\t\t\t\t\t<\/div>\n\t\t<\/div>\n\t\t\t\t<div class=\"elementor-column elementor-col-20 elementor-inner-column elementor-element elementor-element-a87737f ot-flex-column-vertical\" data-id=\"a87737f\" data-element_type=\"column\">\n\t\t\t<div class=\"elementor-widget-wrap elementor-element-populated\">\n\t\t\t\t\t\t<div class=\"elementor-element elementor-element-870cdc1 elementor-widget elementor-widget-imember\" data-id=\"870cdc1\" data-element_type=\"widget\" data-widget_type=\"imember.default\">\n\t\t\t\t<div class=\"elementor-widget-container\">\n\t\t\t\t\t\n\t\t<div class=\"team-wrap\">\n\t\t\t\t\t\t<div class=\"team-thumb\">\n\t\t\t\t<img decoding=\"async\" width=\"500\" height=\"333\" src=\"https:\/\/berecruiting.com\/www\/wp-content\/uploads\/2022\/06\/Berecreuting-sofia-garcia-moritan-1.jpg\" class=\"attachment-full size-full wp-image-5229\" alt=\"\" srcset=\"https:\/\/berecruiting.com\/www\/wp-content\/uploads\/2022\/06\/Berecreuting-sofia-garcia-moritan-1.jpg 500w, https:\/\/berecruiting.com\/www\/wp-content\/uploads\/2022\/06\/Berecreuting-sofia-garcia-moritan-1-300x200.jpg 300w\" sizes=\"(max-width: 500px) 100vw, 500px\" \/>\t\t\t\t                    <div class=\"team-social flex-middle\">\n                    \t<div>\n                                                                                    <a rel=\"nofollow\" \n                                        href=\"https:\/\/www.linkedin.com\/in\/sofia-garcia-moritan-5757b343\/\" class=\"linkedin\">\n                                     <i class=\"fab fa-linkedin-in\"><\/i>\n                                <\/a>\n                                                                                                                <a rel=\"nofollow\" \n                                        href=\"#\" class=\"twitter\">\n                                     <i class=\"fab fa-twitter\"><\/i>\n                                <\/a>\n                                                                        \t<\/div>\n                    <\/div>  \n                \t\t\t<\/div>\n\t\t\t\t\t\t<div class=\"team-info\">\n\t\t\t\t<h4>Sof\u00eda Garc\u00eda Motir\u00e1n<\/h4>\n\t\t\t\t<span>Consultant\n<\/span>\n\t\t\t<\/div>\n\t\t<\/div>\n\t        \n\t    \t\t\t\t<\/div>\n\t\t\t\t<\/div>\n\t\t\t\t\t<\/div>\n\t\t<\/div>\n\t\t\t\t<div class=\"elementor-column elementor-col-20 elementor-inner-column elementor-element elementor-element-0051e50 ot-flex-column-vertical\" data-id=\"0051e50\" data-element_type=\"column\">\n\t\t\t<div class=\"elementor-widget-wrap\">\n\t\t\t\t\t\t\t<\/div>\n\t\t<\/div>\n\t\t\t\t\t<\/div>\n\t\t<\/section>\n\t\t\t\t\t<\/div>\n\t\t<\/div>\n\t\t\t\t\t<\/div>\n\t\t<\/section>\n\t\t\t\t<section class=\"elementor-section elementor-top-section elementor-element elementor-element-1f9d730 ot-traditional elementor-section-boxed elementor-section-height-default elementor-section-height-default\" data-id=\"1f9d730\" data-element_type=\"section\" data-settings=\"{&quot;background_background&quot;:&quot;classic&quot;}\">\n\t\t\t\t\t\t<div class=\"elementor-container elementor-column-gap-default\">\n\t\t\t\t\t<div class=\"elementor-column elementor-col-100 elementor-top-column elementor-element elementor-element-e4365bc ot-flex-column-vertical\" data-id=\"e4365bc\" data-element_type=\"column\">\n\t\t\t<div class=\"elementor-widget-wrap elementor-element-populated\">\n\t\t\t\t\t\t<section class=\"elementor-section elementor-inner-section elementor-element elementor-element-36fd49a elementor-section-full_width ot-traditional elementor-section-height-default elementor-section-height-default\" data-id=\"36fd49a\" data-element_type=\"section\" data-settings=\"{&quot;background_background&quot;:&quot;gradient&quot;}\">\n\t\t\t\t\t\t<div class=\"elementor-container elementor-column-gap-extended\">\n\t\t\t\t\t<div class=\"elementor-column elementor-col-25 elementor-inner-column elementor-element elementor-element-c5d554e ot-flex-column-vertical\" data-id=\"c5d554e\" data-element_type=\"column\">\n\t\t\t<div class=\"elementor-widget-wrap elementor-element-populated\">\n\t\t\t\t\t\t<div class=\"elementor-element elementor-element-8c9666f elementor-widget elementor-widget-icounter\" data-id=\"8c9666f\" data-element_type=\"widget\" data-widget_type=\"icounter.default\">\n\t\t\t\t<div class=\"elementor-widget-container\">\n\t\t\t\t\t\t\t\t\t\t    \t<div class=\"icounter ot-counter\">\n\t\t        \t<div>\n\t\t        \t\t<span class=\"num\" data-to=\"330\" data-time= \"2000\"><\/span>\n\t\t        \t\t<span>+<\/span>\n\t\t        \t<\/div>\n\t\t        \t<h6>Clientes activos<\/h6>      \t\t\t\t        \n\t\t\t    <\/div>\n\t\t    \t    \t\t\t\t<\/div>\n\t\t\t\t<\/div>\n\t\t\t\t\t<\/div>\n\t\t<\/div>\n\t\t\t\t<div class=\"elementor-column elementor-col-25 elementor-inner-column elementor-element elementor-element-c067dd1 ot-flex-column-vertical\" data-id=\"c067dd1\" data-element_type=\"column\">\n\t\t\t<div class=\"elementor-widget-wrap elementor-element-populated\">\n\t\t\t\t\t\t<div class=\"elementor-element elementor-element-393086e elementor-widget elementor-widget-icounter\" data-id=\"393086e\" data-element_type=\"widget\" data-widget_type=\"icounter.default\">\n\t\t\t\t<div class=\"elementor-widget-container\">\n\t\t\t\t\t\t\t\t\t\t    \t<div class=\"icounter ot-counter\">\n\t\t        \t<div>\n\t\t        \t\t<span class=\"num\" data-to=\"850\" data-time= \"2000\"><\/span>\n\t\t        \t\t<span>+<\/span>\n\t\t        \t<\/div>\n\t\t        \t<h6>projectos realizados<\/h6>      \t\t\t\t        \n\t\t\t    <\/div>\n\t\t    \t    \t\t\t\t<\/div>\n\t\t\t\t<\/div>\n\t\t\t\t\t<\/div>\n\t\t<\/div>\n\t\t\t\t<div class=\"elementor-column elementor-col-25 elementor-inner-column elementor-element elementor-element-de7eb04 ot-flex-column-vertical\" data-id=\"de7eb04\" data-element_type=\"column\">\n\t\t\t<div class=\"elementor-widget-wrap elementor-element-populated\">\n\t\t\t\t\t\t<div class=\"elementor-element elementor-element-fa8b523 elementor-widget elementor-widget-icounter\" data-id=\"fa8b523\" data-element_type=\"widget\" data-widget_type=\"icounter.default\">\n\t\t\t\t<div class=\"elementor-widget-container\">\n\t\t\t\t\t\t\t\t\t\t    \t<div class=\"icounter ot-counter\">\n\t\t        \t<div>\n\t\t        \t\t<span class=\"num\" data-to=\"25\" data-time= \"2000\"><\/span>\n\t\t        \t\t<span>+<\/span>\n\t\t        \t<\/div>\n\t\t        \t<h6>asesores de equipo<\/h6>      \t\t\t\t        \n\t\t\t    <\/div>\n\t\t    \t    \t\t\t\t<\/div>\n\t\t\t\t<\/div>\n\t\t\t\t\t<\/div>\n\t\t<\/div>\n\t\t\t\t<div class=\"elementor-column elementor-col-25 elementor-inner-column elementor-element elementor-element-21a5960 ot-flex-column-vertical\" data-id=\"21a5960\" data-element_type=\"column\">\n\t\t\t<div class=\"elementor-widget-wrap elementor-element-populated\">\n\t\t\t\t\t\t<div class=\"elementor-element elementor-element-348781d elementor-widget elementor-widget-icounter\" data-id=\"348781d\" data-element_type=\"widget\" data-widget_type=\"icounter.default\">\n\t\t\t\t<div class=\"elementor-widget-container\">\n\t\t\t\t\t\t\t\t\t\t    \t<div class=\"icounter ot-counter\">\n\t\t        \t<div>\n\t\t        \t\t<span class=\"num\" data-to=\"10\" data-time= \"2000\"><\/span>\n\t\t        \t\t<span>+<\/span>\n\t\t        \t<\/div>\n\t\t        \t<h6>Gloriosos a\u00f1os<\/h6>      \t\t\t\t        \n\t\t\t    <\/div>\n\t\t    \t    \t\t\t\t<\/div>\n\t\t\t\t<\/div>\n\t\t\t\t\t<\/div>\n\t\t<\/div>\n\t\t\t\t\t<\/div>\n\t\t<\/section>\n\t\t\t\t\t<\/div>\n\t\t<\/div>\n\t\t\t\t\t<\/div>\n\t\t<\/section>\n\t\t\t\t<\/div>\n\t\t","protected":false},"excerpt":{"rendered":"<p>\/\/ nuevo concepto en consultor\u00eda Generamos resultados y competitividad Trabajamos bajo un nuevo concepto de consultor\u00eda, siendo part\u00edcipes del proceso, buscando d\u00eda a d\u00eda verdaderos talentos del mercado para conectarlos con las necesidades de nuestros clientes, generando su competitividad. Agregamos valor a nuestros resultados porque creemos en la importancia de los v\u00ednculos que ayudamos a [&hellip;]<\/p>\n","protected":false},"author":2,"featured_media":0,"parent":0,"menu_order":0,"comment_status":"closed","ping_status":"closed","template":"","meta":{"footnotes":""},"class_list":["post-5480","page","type-page","status-publish","hentry"],"_links":{"self":[{"href":"https:\/\/berecruiting.com\/www\/wp-json\/wp\/v2\/pages\/5480","targetHints":{"allow":["GET"]}}],"collection":[{"href":"https:\/\/berecruiting.com\/www\/wp-json\/wp\/v2\/pages"}],"about":[{"href":"https:\/\/berecruiting.com\/www\/wp-json\/wp\/v2\/types\/page"}],"author":[{"embeddable":true,"href":"https:\/\/berecruiting.com\/www\/wp-json\/wp\/v2\/users\/2"}],"replies":[{"embeddable":true,"href":"https:\/\/berecruiting.com\/www\/wp-json\/wp\/v2\/comments?post=5480"}],"version-history":[{"count":17,"href":"https:\/\/berecruiting.com\/www\/wp-json\/wp\/v2\/pages\/5480\/revisions"}],"predecessor-version":[{"id":5676,"href":"https:\/\/berecruiting.com\/www\/wp-json\/wp\/v2\/pages\/5480\/revisions\/5676"}],"wp:attachment":[{"href":"https:\/\/berecruiting.com\/www\/wp-json\/wp\/v2\/media?parent=5480"}],"curies":[{"name":"wp","href":"https:\/\/api.w.org\/{rel}","templated":true}]}}